{"id":190,"date":"2018-01-06T19:23:41","date_gmt":"2018-01-06T18:23:41","guid":{"rendered":"http:\/\/www.pembergermike.fixed-staging.co.uk\/?page_id=190"},"modified":"2022-04-02T11:49:46","modified_gmt":"2022-04-02T09:49:46","slug":"psychotherapie","status":"publish","type":"page","link":"https:\/\/www.pembergermike.fixed-staging.co.uk\/?page_id=190","title":{"rendered":"Was ist eine Psychotherapie"},"content":{"rendered":"<h4><span style=\"color: #008000;\">Ziel einer Psychotherapie ist es, seelisches Leid zu heilen oder zu lindern, in Lebenskrisen zu helfen, gest\u00f6rte Verhaltensweisen und Einstellungen zu \u00e4ndern und die pers\u00f6nliche Entwicklung und Gesundheit zu f\u00f6rdern.<\/span><\/h4>\n<h4><span style=\"color: #008000;\">Psychotherapie ist im Gesundheitsbereich ein eigenst\u00e4ndiges Heilverfahren f\u00fcr die Behandlung von psychischen, psychosozialen oder auch psychosomatisch bedingten Verhaltensst\u00f6rungen und Leidenszust\u00e4nden.<\/span><\/h4>\n<h4><span style=\"color: #008000;\">\u00a0Es gibt verschiedene psychotherapeutische Methoden und damit nicht nur eine Art von Psychotherapie.<\/span><\/h4>\n<h4><span style=\"color: #008000;\">\u00a0<\/span><\/h4>\n<h4><span style=\"color: #008000;\"><strong>Verhaltenstherapie<\/strong><\/span><\/h4>\n<h4><span style=\"color: #008000;\">In der Verhaltenstherapie sollen Ihre Probleme in der Gegenwart und auf m\u00f6glichst direktem Weg \u2013 problemorientiert und zielgerichtet \u2013 gel\u00f6st werden. Sie sollen Ihre Autonomie und Ihre F\u00e4higkeit zur\u00fcck gewinnen, das eigene Leben wirksam zu gestalten. Dabei werden Sie durch die Psychotherapeutin bzw. den Psychotherapeuten in unterschiedlicher Weise unterst\u00fctzt:<\/span><\/h4>\n<h4><span style=\"color: #008000;\">durch Analyse der Problematik, durch wiederholte Anregung zur Selbstreflexion in ausf\u00fchrlichen Gespr\u00e4chen, durch Vorbereitung auf die direkte Konfrontation mit schwierigen Situationen und durch das gemeinsame Erarbeiten von f\u00fcr Sie passenden M\u00f6glichkeiten zur Problem-, Konflikt- und Stressbew\u00e4ltigung.<\/span><\/h4>\n<h4><span style=\"color: #008000;\">\u00a0<\/span><\/h4>\n<h4><span style=\"color: #008000;\">Quelle: &#8222;Psychotherapie &#8211; Wenn die Seele Hilfe braucht&#8220;, BM f\u00fcr Gesundheit (Herausgeber, Medieninhaber, Hersteller)<\/span><\/h4>\n<h4><span style=\"color: #008000;\">\u00a0<\/span><\/h4>\n<h4><span style=\"color: #008000;\">Hilfreiche Links<\/span><\/h4>\n<h4><a href=\"https:\/\/institut-avm.at\/therapeutinnen\/\">https:\/\/institut-avm.at\/therapeutinnen\/<\/a><\/h4>\n<h4><a href=\"https:\/\/www.psyonline.at\/\">https:\/\/www.psyonline.at\/<\/a><\/h4>\n<h4><a href=\"https:\/\/broschuerenservice.sozialministerium.at\/Home\/Download?publicationId=563&amp;msclkid=6ab6da7db26911ecaeabf66b69ecbe1a\">https:\/\/broschuerenservice.sozialministerium.at\/Home\/Download?publicationId=563&amp;msclkid=6ab6da7db26911ecaeabf66b69ecbe1a<\/a><\/h4>\n<h4><\/h4>\n<h4><\/h4>\n<h4><\/h4>\n<h4><\/h4>\n","protected":false},"excerpt":{"rendered":"<p>Ziel einer Psychotherapie ist es, seelisches Leid zu heilen oder zu lindern, in Lebenskrisen zu helfen, gest\u00f6rte Verhaltensweisen und Einstellungen zu \u00e4ndern und die pers\u00f6nliche Entwicklung und Gesundheit zu f\u00f6rdern. Psychotherapie ist im Gesundheitsbereich ein eigenst\u00e4ndiges Heilverfahren f\u00fcr die Behandlung von psychischen, psychosozialen oder auch psychosomatisch bedingten Verhaltensst\u00f6rungen und Leidenszust\u00e4nden. \u00a0Es gibt verschiedene psychotherapeutische Methoden &hellip; <\/p>\n<p class=\"link-more\"><a href=\"https:\/\/www.pembergermike.fixed-staging.co.uk\/?page_id=190\" class=\"more-link\">Mehr <span class=\"screen-reader-text\">\u00fcber &#8222;Was ist eine Psychotherapie&#8220; <\/span>Lesen<\/a><\/p>\n","protected":false},"author":2,"featured_media":705,"parent":0,"menu_order":0,"comment_status":"closed","ping_status":"closed","template":"","meta":{"footnotes":""},"class_list":["post-190","page","type-page","status-publish","has-post-thumbnail","hentry"],"aioseo_notices":[],"_links":{"self":[{"href":"https:\/\/www.pembergermike.fixed-staging.co.uk\/index.php?rest_route=\/wp\/v2\/pages\/190","targetHints":{"allow":["GET"]}}],"collection":[{"href":"https:\/\/www.pembergermike.fixed-staging.co.uk\/index.php?rest_route=\/wp\/v2\/pages"}],"about":[{"href":"https:\/\/www.pembergermike.fixed-staging.co.uk\/index.php?rest_route=\/wp\/v2\/types\/page"}],"author":[{"embeddable":true,"href":"https:\/\/www.pembergermike.fixed-staging.co.uk\/index.php?rest_route=\/wp\/v2\/users\/2"}],"replies":[{"embeddable":true,"href":"https:\/\/www.pembergermike.fixed-staging.co.uk\/index.php?rest_route=%2Fwp%2Fv2%2Fcomments&post=190"}],"version-history":[{"count":22,"href":"https:\/\/www.pembergermike.fixed-staging.co.uk\/index.php?rest_route=\/wp\/v2\/pages\/190\/revisions"}],"predecessor-version":[{"id":886,"href":"https:\/\/www.pembergermike.fixed-staging.co.uk\/index.php?rest_route=\/wp\/v2\/pages\/190\/revisions\/886"}],"wp:featuredmedia":[{"embeddable":true,"href":"https:\/\/www.pembergermike.fixed-staging.co.uk\/index.php?rest_route=\/wp\/v2\/media\/705"}],"wp:attachment":[{"href":"https:\/\/www.pembergermike.fixed-staging.co.uk\/index.php?rest_route=%2Fwp%2Fv2%2Fmedia&parent=190"}],"curies":[{"name":"wp","href":"https:\/\/api.w.org\/{rel}","templated":true}]}}