{"id":434,"date":"2018-07-16T21:56:40","date_gmt":"2018-07-16T19:56:40","guid":{"rendered":"http:\/\/www.pembergermike.fixed-staging.co.uk\/?page_id=434"},"modified":"2022-04-02T11:48:15","modified_gmt":"2022-04-02T09:48:15","slug":"gruende-fuer-psychoonkologische-betreuung","status":"publish","type":"page","link":"https:\/\/www.pembergermike.fixed-staging.co.uk\/?page_id=434","title":{"rendered":"Gr\u00fcnde f\u00fcr psychoonkologische Betreuung"},"content":{"rendered":"<h4><span style=\"color: #008000;\">&#8211; Die Diagnose hat mir den Boden unter den F\u00fc\u00dfen weggezogen &#8211; wie erlange ich wieder Halt und Sicherheit?<\/span><\/h4>\n<h4><span style=\"color: #008000;\">&#8211; Was sage ich wem (Kindern, Arbeitskollegen, Freunden)?<\/span><\/h4>\n<h4><span style=\"color: #008000;\">&#8211; Mein ver\u00e4ndertes Aussehen belastet mich &#8211; wie gehe ich damit um?<\/span><\/h4>\n<h4><span style=\"color: #008000;\">&#8211; Ich m\u00f6chte meine, teils sehr belastenden und Angst machenden Gedanken und Gef\u00fchle an einem geeigneten Ort aussprechen &#8211; mich mitteilen!<\/span><\/h4>\n<h4><span style=\"color: #008000;\">&#8211; Umgang mit psychischen (Angst, Depression, Schlafst\u00f6rungen, Gedankenkreisen etc.) und k\u00f6rperlichen Symptomen (Ersch\u00f6pfung, Unruhe, Nervosit\u00e4t etc.)<\/span><\/h4>\n<h4><span style=\"color: #008000;\">&#8211; Ich will so vieles \u00e4ndern! Was, wann, wie viel ist notwendig und gesund?!<\/span><\/h4>\n<h4><span style=\"color: #008000;\">&#8211; Weitere Aspekte betreffen h\u00e4ufig: ver\u00e4nderte Weiblichkeit\/M\u00e4nnlichkeit, Scham-, Schuldgef\u00fchle, Verlusterfahrungen, -\u00e4ngste, ver\u00e4nderte Lebensperspektiven, Trauer, Auseinandersetzung mit Endlichkeit, Tod, Sterben<\/span><\/h4>\n<h4><span style=\"color: #008000;\">&#8211; Mein Partner\/meine Partnerin ist erkrankt. Wie unterst\u00fctze ich am besten?<\/span><\/h4>\n","protected":false},"excerpt":{"rendered":"<p>&#8211; Die Diagnose hat mir den Boden unter den F\u00fc\u00dfen weggezogen &#8211; wie erlange ich wieder Halt und Sicherheit? &#8211; Was sage ich wem (Kindern, Arbeitskollegen, Freunden)? &#8211; Mein ver\u00e4ndertes Aussehen belastet mich &#8211; wie gehe ich damit um? &#8211; Ich m\u00f6chte meine, teils sehr belastenden und Angst machenden Gedanken und Gef\u00fchle an einem geeigneten &hellip; <\/p>\n<p class=\"link-more\"><a href=\"https:\/\/www.pembergermike.fixed-staging.co.uk\/?page_id=434\" class=\"more-link\">Mehr <span class=\"screen-reader-text\">\u00fcber &#8222;Gr\u00fcnde f\u00fcr psychoonkologische Betreuung&#8220; <\/span>Lesen<\/a><\/p>\n","protected":false},"author":2,"featured_media":672,"parent":0,"menu_order":0,"comment_status":"closed","ping_status":"closed","template":"","meta":{"footnotes":""},"class_list":["post-434","page","type-page","status-publish","has-post-thumbnail","hentry"],"aioseo_notices":[],"_links":{"self":[{"href":"https:\/\/www.pembergermike.fixed-staging.co.uk\/index.php?rest_route=\/wp\/v2\/pages\/434","targetHints":{"allow":["GET"]}}],"collection":[{"href":"https:\/\/www.pembergermike.fixed-staging.co.uk\/index.php?rest_route=\/wp\/v2\/pages"}],"about":[{"href":"https:\/\/www.pembergermike.fixed-staging.co.uk\/index.php?rest_route=\/wp\/v2\/types\/page"}],"author":[{"embeddable":true,"href":"https:\/\/www.pembergermike.fixed-staging.co.uk\/index.php?rest_route=\/wp\/v2\/users\/2"}],"replies":[{"embeddable":true,"href":"https:\/\/www.pembergermike.fixed-staging.co.uk\/index.php?rest_route=%2Fwp%2Fv2%2Fcomments&post=434"}],"version-history":[{"count":10,"href":"https:\/\/www.pembergermike.fixed-staging.co.uk\/index.php?rest_route=\/wp\/v2\/pages\/434\/revisions"}],"predecessor-version":[{"id":885,"href":"https:\/\/www.pembergermike.fixed-staging.co.uk\/index.php?rest_route=\/wp\/v2\/pages\/434\/revisions\/885"}],"wp:featuredmedia":[{"embeddable":true,"href":"https:\/\/www.pembergermike.fixed-staging.co.uk\/index.php?rest_route=\/wp\/v2\/media\/672"}],"wp:attachment":[{"href":"https:\/\/www.pembergermike.fixed-staging.co.uk\/index.php?rest_route=%2Fwp%2Fv2%2Fmedia&parent=434"}],"curies":[{"name":"wp","href":"https:\/\/api.w.org\/{rel}","templated":true}]}}