{"id":436,"date":"2018-07-16T22:00:18","date_gmt":"2018-07-16T20:00:18","guid":{"rendered":"http:\/\/www.pembergermike.fixed-staging.co.uk\/?page_id=436"},"modified":"2022-04-02T11:46:04","modified_gmt":"2022-04-02T09:46:04","slug":"was-ist-psychoonkologie","status":"publish","type":"page","link":"https:\/\/www.pembergermike.fixed-staging.co.uk\/?page_id=436","title":{"rendered":"Was ist Psychoonkologie"},"content":{"rendered":"<h4><span style=\"color: #008000;\">Psychoonkologie hat zum Ziel, die im Rahmen einer Krebserkrankung bei Betroffenen, Angeh\u00f6rigen und Risikogruppen auftretenden psychischen und sozialen Belastungen durch F\u00f6rderung der eigenen psychosozialen Ressourcen und bestm\u00f6glicher Erhaltung von Autonomie besser zu bew\u00e4ltigen bzw. und die subjektive Lebensqualit\u00e4t zu verbessern bzw. aufrecht zu erhalten.<\/span><\/h4>\n<h4><span style=\"color: #008000;\">Ziele dabei<\/span><\/h4>\n<h4><span style=\"color: #008000;\">&#8211; Entlastung sowie psychische Stabilisierung<\/span><\/h4>\n<h4><span style=\"color: #008000;\">&#8211; Bew\u00e4ltigung von Angst, Depression, Hilf- und Hoffnungslosigkeit<\/span><\/h4>\n<h4><span style=\"color: #008000;\">&#8211; F\u00f6rderung von Selbstwirksamkeit, Selbstf\u00fcrsorge, Selbstwert<\/span><\/h4>\n<h4><span style=\"color: #008000;\">&#8211; Umgang und Bew\u00e4ltigung m\u00f6glicher krankheits- und therapieassoziierter<br \/>\nFolgen\/Nebenwirkungen<\/span><\/h4>\n<h4><span style=\"color: #008000;\">&#8211; Einstellungs\u00e4nderung<\/span><\/h4>\n<h4><span style=\"color: #008000;\">&#8211; F\u00f6rderung von Gesundheitsverhalten<\/span><\/h4>\n<h4><span style=\"color: #008000;\">&#8211; Schmerzlinderung, Schlafverbesserung<\/span><\/h4>\n<h4><span style=\"color: #008000;\">&#8211; Entspannung<\/span><\/h4>\n<h4><span style=\"color: #008000;\">&#8211; Unterst\u00fctzung in der Krankheitsbew\u00e4ltigung<\/span><\/h4>\n<h4><span style=\"color: #008000;\">&#8211; F\u00f6rderung und Erhalt von Lebensqualit\u00e4t, Aktivierung und F\u00f6rderung von<br \/>\nRessourcen<\/span><\/h4>\n<h4><span style=\"color: #008000;\">&#8211; Gestaltung und Verbesserung von Kommunikation<\/span><\/h4>\n<h4><span style=\"color: #008000;\">&#8211; Wahrnehmung und Umsetzung von Bed\u00fcrfnissen<\/span><\/h4>\n<h4><span style=\"color: #008000;\">&#8211; Beratung bei sexuellen Problemen<\/span><\/h4>\n","protected":false},"excerpt":{"rendered":"<p>Psychoonkologie hat zum Ziel, die im Rahmen einer Krebserkrankung bei Betroffenen, Angeh\u00f6rigen und Risikogruppen auftretenden psychischen und sozialen Belastungen durch F\u00f6rderung der eigenen psychosozialen Ressourcen und bestm\u00f6glicher Erhaltung von Autonomie besser zu bew\u00e4ltigen bzw. und die subjektive Lebensqualit\u00e4t zu verbessern bzw. aufrecht zu erhalten. Ziele dabei &#8211; Entlastung sowie psychische Stabilisierung &#8211; Bew\u00e4ltigung von Angst, &hellip; <\/p>\n<p class=\"link-more\"><a href=\"https:\/\/www.pembergermike.fixed-staging.co.uk\/?page_id=436\" class=\"more-link\">Mehr <span class=\"screen-reader-text\">\u00fcber &#8222;Was ist Psychoonkologie&#8220; <\/span>Lesen<\/a><\/p>\n","protected":false},"author":2,"featured_media":672,"parent":0,"menu_order":0,"comment_status":"closed","ping_status":"closed","template":"","meta":{"footnotes":""},"class_list":["post-436","page","type-page","status-publish","has-post-thumbnail","hentry"],"aioseo_notices":[],"_links":{"self":[{"href":"https:\/\/www.pembergermike.fixed-staging.co.uk\/index.php?rest_route=\/wp\/v2\/pages\/436","targetHints":{"allow":["GET"]}}],"collection":[{"href":"https:\/\/www.pembergermike.fixed-staging.co.uk\/index.php?rest_route=\/wp\/v2\/pages"}],"about":[{"href":"https:\/\/www.pembergermike.fixed-staging.co.uk\/index.php?rest_route=\/wp\/v2\/types\/page"}],"author":[{"embeddable":true,"href":"https:\/\/www.pembergermike.fixed-staging.co.uk\/index.php?rest_route=\/wp\/v2\/users\/2"}],"replies":[{"embeddable":true,"href":"https:\/\/www.pembergermike.fixed-staging.co.uk\/index.php?rest_route=%2Fwp%2Fv2%2Fcomments&post=436"}],"version-history":[{"count":5,"href":"https:\/\/www.pembergermike.fixed-staging.co.uk\/index.php?rest_route=\/wp\/v2\/pages\/436\/revisions"}],"predecessor-version":[{"id":880,"href":"https:\/\/www.pembergermike.fixed-staging.co.uk\/index.php?rest_route=\/wp\/v2\/pages\/436\/revisions\/880"}],"wp:featuredmedia":[{"embeddable":true,"href":"https:\/\/www.pembergermike.fixed-staging.co.uk\/index.php?rest_route=\/wp\/v2\/media\/672"}],"wp:attachment":[{"href":"https:\/\/www.pembergermike.fixed-staging.co.uk\/index.php?rest_route=%2Fwp%2Fv2%2Fmedia&parent=436"}],"curies":[{"name":"wp","href":"https:\/\/api.w.org\/{rel}","templated":true}]}}